{"id":599,"date":"2024-06-20T23:42:23","date_gmt":"2024-06-20T21:42:23","guid":{"rendered":"http:\/\/kindervillaosnabrueck.de\/cms\/?page_id=599"},"modified":"2025-12-10T10:06:50","modified_gmt":"2025-12-10T09:06:50","slug":"impressum-datenschutz","status":"publish","type":"page","link":"https:\/\/kindervillaosnabrueck.de\/cms\/impressum-datenschutz\/","title":{"rendered":"Impressum \/ Datenschutz"},"content":{"rendered":"<div data-colibri-id=\"599-c1\" class=\"style-1528 style-local-599-c1 position-relative\">\n  <!---->\n  <div data-colibri-component=\"section\" data-colibri-id=\"599-c2\" id=\"initial-content\" class=\"h-section h-section-global-spacing d-flex align-items-lg-center align-items-md-center align-items-center style-1529 style-local-599-c2 position-relative\">\n    <!---->\n    <!---->\n    <div class=\"h-section-grid-container h-section-boxed-container\">\n      <!---->\n      <div data-colibri-id=\"599-c3\" class=\"h-row-container gutters-row-lg-2 gutters-row-md-2 gutters-row-0 gutters-row-v-lg-2 gutters-row-v-md-2 gutters-row-v-2 style-1530 style-local-599-c3 position-relative\">\n        <!---->\n        <div class=\"h-row justify-content-lg-center justify-content-md-center justify-content-center align-items-lg-stretch align-items-md-stretch align-items-stretch gutters-col-lg-2 gutters-col-md-2 gutters-col-0 gutters-col-v-lg-2 gutters-col-v-md-2 gutters-col-v-2\">\n          <!---->\n          <div class=\"h-column h-column-container d-flex h-col-lg-auto h-col-md-auto h-col-auto style-1531-outer style-local-599-c4-outer\">\n            <div data-colibri-id=\"599-c4\" class=\"d-flex h-flex-basis h-column__inner h-px-lg-2 h-px-md-2 h-px-2 v-inner-lg-2 v-inner-md-2 v-inner-2 style-1531 style-local-599-c4 position-relative\">\n              <!---->\n              <!---->\n              <div class=\"w-100 h-y-container h-column__content h-column__v-align flex-basis-100 align-self-lg-start align-self-md-start align-self-start\">\n                <!---->\n                <div data-colibri-id=\"599-c5\" class=\"h-text h-text-component style-1533 style-local-599-c5 position-relative h-element\">\n                  <!---->\n                  <!---->\n                  <div class=\"\">\n                    <h3><strong style=\"font-weight: 300; font-family: Montserrat;\">Angaben gem\u00e4\u00df \u00a7 5 Telemediengesetz (TMG):<\/strong><\/h3>\n                    <p><span style=\"font-family: Montserrat;\">Kindervilla e. V.<br> Katharinenstr. 6<br> 49074 Osnabr\u00fcck<\/span><\/p>\n                    <h3><strong style=\"font-weight: 300; font-family: Montserrat;\">Vertreten durch den Vorstand:<\/strong><\/h3>\n                    <p><span style=\"font-family: Montserrat;\">Katharina Graen<br>Stefanie Wulf<br>Ivo B\u00e4tjer<br>Marcel Wehrmann<br> <br><\/span><\/p>\n                    <h3><span style=\"font-weight: 300; font-family: Montserrat;\">Kontakt:<\/span><\/h3>\n                    <p><span style=\"font-family: Montserrat;\">Telefon: +49 (0) 541 58049400<\/span><\/p>\n                    <p><span style=\"font-family: Montserrat;\"> <\/span><strong style=\"font-family: Montserrat;\">E-Mail: fragen@kindervilla-osnabrueck.de<\/strong><\/p>\n                    <h3><span style=\"font-weight: 300; font-family: Montserrat;\">Registereintrag:<\/span><\/h3>\n                    <p><span style=\"font-family: Montserrat;\">Eintragung im Vereinsregister.<br> Registergericht:Amtsgericht Osnabr\u00fcck<br> Registernummer: 200186<\/span><\/p>\n                    <p><span style=\"font-family: Montserrat;\">Aufsichtsbeh\u00f6rde:<\/span><\/p>\n                    <p><span style=\"font-family: Montserrat;\">Amtsgericht Osnabr\u00fcck<\/span><\/p>\n                    <p><span style=\"font-family: Montserrat;\">Haftungsausschluss (Disclaimer)<\/span><\/p>\n                    <h3><strong style=\"font-weight: 300; font-family: Montserrat;\">Haftung f\u00fcr Inhalte<\/strong><\/h3>\n                    <p><span style=\"font-family: Montserrat;\">Als Diensteanbieter sind wir gem\u00e4\u00df \u00a7 7 Abs.1 TMG f\u00fcr eigene Inhalte auf diesen Seiten nach den allgemeinen Gesetzen verantwortlich. Nach \u00a7\u00a7 8 bis 10 TMG sind wir als Diensteanbieter jedoch nicht verpflichtet, \u00fcbermittelte oder gespeicherte fremde Informationen zu \u00fcberwachen oder nach Umst\u00e4nden zu forschen, die auf eine rechtswidrige T\u00e4tigkeit hinweisen. Verpflichtungen zur Entfernung oder Sperrung der Nutzung von Informationen nach den allgemeinen Gesetzen bleiben hiervon unber\u00fchrt. Eine diesbez\u00fcgliche Haftung ist jedoch erst ab dem Zeitpunkt der Kenntnis einer konkreten Rechtsverletzung m\u00f6glich. Bei Bekanntwerden von entsprechenden Rechtsverletzungen werden wir diese Inhalte umgehend entfernen.<\/span><\/p>\n                    <h3><strong style=\"font-weight: 300; font-family: Montserrat;\">Haftung f\u00fcr Links<\/strong><\/h3>\n                    <p><span style=\"font-family: Montserrat;\">Unser Angebot enth\u00e4lt Links zu externen Webseiten Dritter, auf deren Inhalte wir keinen Einfluss haben. Deshalb k\u00f6nnen wir f\u00fcr diese fremden Inhalte auch keine Gew\u00e4hr \u00fcbernehmen. F\u00fcr die Inhalte der verlinkten Seiten ist stets der jeweilige Anbieter oder Betreiber der Seiten verantwortlich. Die verlinkten Seiten wurden zum Zeitpunkt der Verlinkung auf m\u00f6gliche Rechtsverst\u00f6\u00dfe \u00fcberpr\u00fcft. Rechtswidrige Inhalte waren zum Zeitpunkt der Verlinkung nicht erkennbar. Eine permanente inhaltliche Kontrolle der verlinkten Seiten ist jedoch ohne konkrete Anhaltspunkte einer Rechtsverletzung nicht zumutbar. Bei Bekanntwerden von Rechtsverletzungen werden wir derartige Links umgehend entfernen.<\/span><\/p>\n                    <h3><strong style=\"font-weight: 300; font-family: Montserrat;\">Urheberrecht<\/strong><\/h3>\n                    <p><span style=\"font-family: Montserrat;\">Die durch die Seitenbetreiber erstellten Inhalte und Werke auf diesen Seiten unterliegen dem deutschen Urheberrecht. Die Vervielf\u00e4ltigung, Bearbeitung, Verbreitung und jede Art der Verwertung au\u00dferhalb der Grenzen des Urheberrechtes bed\u00fcrfen der schriftlichen Zustimmung des jeweiligen Autors bzw. Erstellers. Downloads und Kopien dieser Seite sind nur f\u00fcr den privaten, nicht kommerziellen Gebrauch gestattet. Soweit die Inhalte auf dieser Seite nicht vom Betreiber erstellt wurden, werden die Urheberrechte Dritter beachtet. Insbesondere werden Inhalte Dritter als solche gekennzeichnet. Sollten Sie trotzdem auf eine Urheberrechtsverletzung aufmerksam werden, bitten wir um einen entsprechenden Hinweis. Bei Bekanntwerden von Rechtsverletzungen werden wir derartige Inhalte umgehend entfernen.<\/span><\/p>\n                    <p><span style=\"font-family: Montserrat;\">&nbsp;<\/span><\/p>\n                    <h3><span style=\"font-weight: 300; font-family: Montserrat;\">Datenschutzerkl\u00e4rung<\/span><\/h3>\n                    <h3><span style=\"font-weight: 300; font-family: Montserrat;\">Einleitung&nbsp;<\/span><\/h3>\n                    <p><span style=\"font-family: Montserrat;\">Datenschutz ist bei uns nicht nur ein Lippenbekenntnis. Nachstehend finden Sie einen \u00dcberblick dar\u00fcber, welche Art von Daten zu welchem Zweck erhoben und in welchem Umfang diese Daten Dritten zug\u00e4nglich gemacht werden.&nbsp;<\/span><\/p>\n                    <p><span style=\"font-family: Montserrat;\">&nbsp;<\/span><\/p>\n                    <h3><span style=\"font-weight: 300; font-family: Montserrat;\">1.&nbsp;Verantwortlicher&nbsp;<\/span><\/h3>\n                    <p><span style=\"font-family: Montserrat;\">Diese Datenschutz-Information gilt f\u00fcr die Datenverarbeitung durch den Verantwortlichen:<\/span><\/p>\n                    <p><span style=\"font-family: Montserrat;\">&nbsp;Kindervilla e.V. (im Folgenden:&nbsp;<\/span><strong style=\"font-family: Montserrat;\">Kindervilla<\/strong><span style=\"font-family: Montserrat;\">),<\/span><\/p>\n                    <p><span style=\"font-family: Montserrat;\">&nbsp;Katharinenstra\u00dfe 6&nbsp;&nbsp;in 49074 Osnabr\u00fcck<\/span><\/p>\n                    <p><span style=\"font-family: Montserrat;\">&nbsp;Email:&nbsp;fragen@kindervilla-osnabrueck.de<\/span><\/p>\n                    <p><span style=\"font-family: Montserrat;\">&nbsp;Telefon: +49 (0)541 \u2013 58049400<\/span><\/p>\n                    <p><span style=\"font-family: Montserrat;\">&nbsp;Fax: +49 (0)541 \u2013&nbsp;58049399<\/span><\/p>\n                    <p><span style=\"font-family: Montserrat;\">&nbsp;<\/span><\/p>\n                    <h3><span style=\"font-family: Montserrat; font-weight: 300;\">2.&nbsp;Erhebung und Speicherung personenbezogener Daten sowie Art und Zweck deren Verwendung<\/span><\/h3>\n                    <p><span style=\"font-family: Montserrat;\">&nbsp;a)&nbsp;Beim Besuch unserer Homepage<\/span><\/p>\n                    <p><span style=\"font-family: Montserrat;\">&nbsp;Beim Aufrufen unserer Website&nbsp;<\/span>\n                      <a href=\"http:\/\/www.kindervillaosnabrueck.de\" style=\"font-family: Montserrat;\" class=\"customize-unpreviewable\">\n                        <u>http:\/\/www.kindervillaosnabrueck.de\/<\/u>\n                      <\/a><span style=\"font-family: Montserrat;\">&nbsp;werden durch den auf Ihrem Endger\u00e4t zum Einsatz kommenden Browser automatisch Informationen an den Server unserer Website gesendet. Diese Informationen werden tempor\u00e4r in einem sog. Logfile gespeichert. Folgende Informationen werden dabei ohne Ihr Zutun erfasst und bis zur automatisierten L\u00f6schung gespeichert:<\/span><\/p>\n                    <p><span style=\"font-family: Montserrat;\">&nbsp;\u2022&nbsp;&nbsp;&nbsp;&nbsp;&nbsp;&nbsp;&nbsp;&nbsp;&nbsp;&nbsp;&nbsp;&nbsp;IP-Adresse des anfragenden Rechners,<\/span><\/p>\n                    <p><span style=\"font-family: Montserrat;\">&nbsp;\u2022&nbsp;&nbsp;&nbsp;&nbsp;&nbsp;&nbsp;&nbsp;&nbsp;&nbsp;&nbsp;&nbsp;&nbsp;Datum und Uhrzeit des Zugriffs,<\/span><\/p>\n                    <p><span style=\"font-family: Montserrat;\">&nbsp;\u2022&nbsp;&nbsp;&nbsp;&nbsp;&nbsp;&nbsp;&nbsp;&nbsp;&nbsp;&nbsp;&nbsp;&nbsp;Name und URL der abgerufenen Datei,<\/span><\/p>\n                    <p><span style=\"font-family: Montserrat;\">&nbsp;\u2022&nbsp;&nbsp;&nbsp;&nbsp;&nbsp;&nbsp;&nbsp;&nbsp;&nbsp;&nbsp;&nbsp;&nbsp;Website, von der aus der Zugriff erfolgt (Referrer-URL),<\/span><\/p>\n                    <p><span style=\"font-family: Montserrat;\">&nbsp;\u2022&nbsp;&nbsp;&nbsp;&nbsp;&nbsp;&nbsp;&nbsp;&nbsp;&nbsp;&nbsp;&nbsp;&nbsp;verwendeter Browser und ggf. das Betriebssystem Ihres Rechners sowie der Name Ihres Access-Providers.<\/span><\/p>\n                    <p><span style=\"font-family: Montserrat;\">Die genannten Daten werden durch uns zu folgenden Zwecken verarbeitet:<\/span><\/p>\n                    <p><span style=\"font-family: Montserrat;\">&nbsp;\u2022&nbsp;&nbsp;&nbsp;&nbsp;&nbsp;&nbsp;&nbsp;&nbsp;&nbsp;&nbsp;&nbsp;&nbsp;Gew\u00e4hrleistung eines reibungslosen Verbindungsaufbaus der Website,<\/span><\/p>\n                    <p><span style=\"font-family: Montserrat;\">&nbsp;\u2022&nbsp;&nbsp;&nbsp;&nbsp;&nbsp;&nbsp;&nbsp;&nbsp;&nbsp;&nbsp;&nbsp;&nbsp;Gew\u00e4hrleistung einer komfortablen Nutzung unserer Website,<\/span><\/p>\n                    <p><span style=\"font-family: Montserrat;\">&nbsp;\u2022&nbsp;&nbsp;&nbsp;&nbsp;&nbsp;&nbsp;&nbsp;&nbsp;&nbsp;&nbsp;&nbsp;&nbsp;Auswertung der Systemsicherheit und -stabilit\u00e4t sowie<\/span><\/p>\n                    <p><span style=\"font-family: Montserrat;\">&nbsp;\u2022&nbsp;&nbsp;&nbsp;&nbsp;&nbsp;&nbsp;&nbsp;&nbsp;&nbsp;&nbsp;&nbsp;&nbsp;zu weiteren administrativen Zwecken.<\/span><\/p>\n                    <p><span style=\"font-family: Montserrat;\">&nbsp;Die Rechtsgrundlage f\u00fcr die Datenverarbeitung ist Art. 6 Abs. 1 S. 1 lit. f DSGVO. Unser berechtigtes Interesse folgt aus oben aufgelisteten Zwecken zur Datenerhebung. In keinem Fall verwenden wir die erhobenen Daten zu dem Zweck, R\u00fcckschl\u00fcsse auf Ihre Person zu ziehen.<\/span><\/p>\n                    <p><span style=\"font-family: Montserrat;\">b)&nbsp;Bei Kontaktaufnahme<\/span><\/p>\n                    <p><span style=\"font-family: Montserrat;\">Bei Fragen jeglicher Art bieten wir Ihnen die M\u00f6glichkeit, mit uns in Kontakt zu treten. Dabei erhalten wir die uns von Ihnen mitgeteilten Daten, insbesondere, damit wir wissen, von wem die Anfrage stammt und um diese beantworten zu k\u00f6nnen. Weitere Angaben k\u00f6nnen freiwillig get\u00e4tigt werden.<\/span><\/p>\n                    <p><span style=\"font-family: Montserrat;\">Die Datenverarbeitung zum Zwecke der Kontaktaufnahme mit uns erfolgt nach Art. 6 Abs. 1 S. 1 lit. a DSGVO auf Grundlage Ihrer freiwillig erteilten Einwilligung.<\/span><\/p>\n                    <h3><span style=\"font-family: Montserrat; font-weight: 300;\">3.&nbsp;Weitergabe&nbsp;<\/span><\/h3>\n                    <p><span style=\"font-family: Montserrat;\">Eine \u00dcbermittlung Ihrer pers\u00f6nlichen Daten an Dritte zu anderen als den im Folgenden aufgef\u00fchrten Zwecken findet nicht statt.<\/span><\/p>\n                    <p><span style=\"font-family: Montserrat;\">Wir geben Ihre pers\u00f6nlichen Daten nur an Dritte weiter, wenn:<\/span><\/p>\n                    <p><span style=\"font-family: Montserrat;\">\u00b7&nbsp;&nbsp;&nbsp;&nbsp;&nbsp;&nbsp;&nbsp;&nbsp;Sie Ihre nach Art. 6 Abs. 1 S. 1 lit. a DSGVO ausdr\u00fcckliche Einwilligung dazu erteilt haben,<\/span><\/p>\n                    <p><span style=\"font-family: Montserrat;\">\u00b7&nbsp;&nbsp;&nbsp;&nbsp;&nbsp;&nbsp;&nbsp;&nbsp;die Weitergabe nach Art. 6 Abs. 1 S. 1 lit. f DSGVO zur Geltendmachung, Aus\u00fcbung oder Verteidigung von Rechtsanspr\u00fcchen erforderlich ist und kein Grund zur Annahme besteht, dass Sie ein \u00fcberwiegendes schutzw\u00fcrdiges Interesse an der Nichtweitergabe Ihrer Daten haben,<\/span><\/p>\n                    <p><span style=\"font-family: Montserrat;\">\u00b7&nbsp;&nbsp;&nbsp;&nbsp;&nbsp;&nbsp;&nbsp;&nbsp;f\u00fcr den Fall, dass f\u00fcr die Weitergabe nach Art. 6 Abs. 1 S. 1 lit. c DSGVO eine gesetzliche Verpflichtung besteht, sowie<\/span><\/p>\n                    <p><span style=\"font-family: Montserrat;\">\u00b7&nbsp;&nbsp;&nbsp;&nbsp;&nbsp;&nbsp;&nbsp;&nbsp;dies gesetzlich zul\u00e4ssig und nach Art. 6 Abs. 1 S. 1 lit. b DSGVO f\u00fcr die Abwicklung von Vertragsverh\u00e4ltnissen mit Ihnen erforderlich ist.<\/span><\/p>\n                    <h3><span style=\"font-family: Montserrat; font-weight: 300;\">4.&nbsp;Betroffenenrechte<\/span><\/h3>\n                    <p><span style=\"font-family: Montserrat;\">&nbsp;Sie haben das Recht:&nbsp;<\/span><\/p>\n                    <p><span style=\"font-family: Montserrat;\">\u00b7&nbsp;&nbsp;&nbsp;&nbsp;&nbsp;&nbsp;&nbsp;&nbsp;gem\u00e4\u00df Art. 15 DSGVO Auskunft \u00fcber Ihre von uns verarbeiteten personenbezogenen Daten zu verlangen. Insbesondere k\u00f6nnen Sie Auskunft \u00fcber die Verarbeitungszwecke, die Kategorie der personenbezogenen Daten, die Kategorien von Empf\u00e4ngern, gegen\u00fcber denen Ihre Daten offengelegt wurden oder werden, die geplante Speicherdauer, das Bestehen eines Rechts auf Berichtigung, L\u00f6schung, Einschr\u00e4nkung der Verarbeitung oder Widerspruch, das Bestehen eines Beschwerderechts, die Herkunft ihrer Daten, sofern diese nicht bei uns erhoben wurden, sowie \u00fcber das Bestehen einer automatisierten Entscheidungsfindung einschlie\u00dflich Profiling und ggf. aussagekr\u00e4ftigen Informationen zu deren Einzelheiten verlangen;<\/span><\/p>\n                    <p><span style=\"font-family: Montserrat;\">\u00b7&nbsp;&nbsp;&nbsp;&nbsp;&nbsp;&nbsp;&nbsp;&nbsp;gem\u00e4\u00df Art. 16 DSGVO unverz\u00fcglich die Berichtigung unrichtiger oder Vervollst\u00e4ndigung Ihrer bei uns gespeicherten personenbezogenen Daten zu verlangen;<\/span><\/p>\n                    <p><span style=\"font-family: Montserrat;\">\u00b7&nbsp;&nbsp;&nbsp;&nbsp;&nbsp;&nbsp;&nbsp;&nbsp;gem\u00e4\u00df Art. 17 DSGVO die L\u00f6schung Ihrer bei uns gespeicherten personenbezogenen Daten zu verlangen, soweit nicht die Verarbeitung zur Aus\u00fcbung des Rechts auf freie Meinungs\u00e4u\u00dferung und Information, zur Erf\u00fcllung einer rechtlichen Verpflichtung, aus Gr\u00fcnden des \u00f6ffentlichen Interesses oder zur Geltendmachung, Aus\u00fcbung oder Verteidigung von Rechtsanspr\u00fcchen erforderlich ist;<\/span><\/p>\n                    <p><span style=\"font-family: Montserrat;\">\u00b7&nbsp;&nbsp;&nbsp;&nbsp;&nbsp;&nbsp;&nbsp;&nbsp;gem\u00e4\u00df Art. 18 DSGVO die Einschr\u00e4nkung der Verarbeitung Ihrer personenbezogenen Daten zu verlangen, soweit die Richtigkeit der Daten von Ihnen bestritten wird, die Verarbeitung unrechtm\u00e4\u00dfig ist, Sie aber deren L\u00f6schung ablehnen und wir die Daten nicht mehr ben\u00f6tigen, Sie jedoch diese zur Geltendmachung, Aus\u00fcbung oder Verteidigung von Rechtsanspr\u00fcchen ben\u00f6tigen oder Sie gem\u00e4\u00df Art. 21 DSGVO Widerspruch gegen die Verarbeitung eingelegt haben;<\/span><\/p>\n                    <p><span style=\"font-family: Montserrat;\">\u00b7&nbsp;&nbsp;&nbsp;&nbsp;&nbsp;&nbsp;&nbsp;&nbsp;gem\u00e4\u00df Art. 20 DSGVO Ihre personenbezogenen Daten, die Sie uns bereitgestellt haben, in einem strukturierten, g\u00e4ngigen und maschinenlesebaren Format zu erhalten oder die \u00dcbermittlung an einen anderen Verantwortlichen zu verlangen;<\/span><\/p>\n                    <p><span style=\"font-family: Montserrat;\">\u00b7&nbsp;&nbsp;&nbsp;&nbsp;&nbsp;&nbsp;&nbsp;&nbsp;gem\u00e4\u00df Art. 7 Abs. 3 DSGVO Ihre einmal erteilte Einwilligung jederzeit gegen\u00fcber uns zu widerrufen. Dies hat zur Folge, dass wir die Datenverarbeitung, die auf dieser Einwilligung beruhte, f\u00fcr die Zukunft nicht mehr fortf\u00fchren d\u00fcrfen und<\/span><\/p>\n                    <p><span style=\"font-family: Montserrat;\">\u00b7&nbsp;&nbsp;&nbsp;&nbsp;&nbsp;&nbsp;&nbsp;&nbsp;gem\u00e4\u00df Art. 77 DSGVO sich bei einer Aufsichtsbeh\u00f6rde zu beschweren. In der Regel k\u00f6nnen Sie sich hierf\u00fcr an die Aufsichtsbeh\u00f6rde Ihres \u00fcblichen Aufenthaltsortes oder Arbeitsplatzes oder unseres Kanzleisitzes wenden.<\/span><\/p>\n                    <p><span style=\"font-family: Montserrat;\">&nbsp;<\/span><\/p>\n                    <h3><span style=\"font-family: Montserrat; font-weight: 300;\">5.&nbsp;Widerspruchsrecht&nbsp;<\/span><\/h3>\n                    <p><span style=\"font-family: Montserrat;\">Sofern Ihre personenbezogenen Daten auf Grundlage von berechtigten Interessen gem\u00e4\u00df Art. 6 Abs. 1 S. 1 lit. f DSGVO verarbeitet werden, haben Sie das Recht, gem\u00e4\u00df Art. 21 DSGVO Widerspruch gegen die Verarbeitung Ihrer personenbezogenen Daten einzulegen, soweit daf\u00fcr Gr\u00fcnde vorliegen, die sich aus Ihrer besonderen Situation ergeben oder sich der Widerspruch gegen Direktwerbung richtet. Im letzteren Fall haben Sie ein generelles Widerspruchsrecht, das ohne Angabe einer besonderen Situation von uns umgesetzt wird.<\/span><\/p>\n                    <p><span style=\"font-family: Montserrat;\">M\u00f6chten Sie von Ihrem Widerrufs- oder Widerspruchsrecht Gebrauch machen, gen\u00fcgt eine E-Mail an&nbsp;fragen@kindervilla-osnabrueck.de&nbsp;<\/span><\/p>\n                    <h3><span style=\"font-family: Montserrat; font-weight: 300;\">6.&nbsp;Bewerbungen&nbsp;<\/span><\/h3>\n                    <p><span style=\"font-family: Montserrat;\">Wenn Sie sich bei uns auf eine Stellenanzeige bewerben, werden Ihre personenbezogenen Daten wie Namen, Adresse und Telefonnummer von uns erhoben und f\u00fcr die Dauer des Auswahlverfahrens gespeichert. Ihre Daten werden dabei ausschlie\u00dflich von hierzu befugten Personen zur Bearbeitung im Rahmen des Auswahlverfahrens verwendet. Eine Weitergabe Ihrer personenbezogenen Daten an Dritte findet nicht statt.&nbsp;<\/span><\/p>\n                    <p><span style=\"font-family: Montserrat;\">&nbsp;<\/span><\/p>\n                    <h3><span style=\"font-weight: 300; font-family: Montserrat;\">7.&nbsp;Datensicherheit&nbsp;<\/span><\/h3>\n                    <p><span style=\"font-family: Montserrat;\">Wir bedienen uns geeigneter technischer und organisatorischer Sicherheitsma\u00dfnahmen, um Ihre Daten gegen zuf\u00e4llige oder vors\u00e4tzliche Manipulationen, teilweisen oder vollst\u00e4ndigen Verlust, Zerst\u00f6rung oder gegen den unbefugten Zugriff Dritter zu sch\u00fctzen. Unsere Sicherheitsma\u00dfnahmen werden entsprechend der technologischen Entwicklung fortlaufend verbessert.<\/span><\/p>\n                    <p><span style=\"font-family: Montserrat;\">Bei der Kommunikation per E-Mail kann die vollst\u00e4ndige Datensicherheit von uns nicht gew\u00e4hrleistet werden, so dass wir Ihnen bei vertraulichen Informationen den&nbsp;<\/span><strong style=\"font-family: Montserrat;\">Postweg<\/strong>\n                      <span\n                        style=\"font-family: Montserrat;\">&nbsp;empfehlen.&nbsp;&nbsp;<\/span>\n                    <\/p>\n                    <h3><span style=\"font-family: Montserrat;\">8.&nbsp;Aktualit\u00e4t und \u00c4nderung dieser <\/span><span style=\"font-family: Montserrat; font-weight: 300;\">Datenschutzerkl\u00e4rung&nbsp;<\/span><\/h3>\n                    <p><span style=\"font-family: Montserrat;\">Diese Datenschutzerkl\u00e4rung ist aktuell g\u00fcltig und hat den Stand Mai 2018.<\/span><\/p>\n                    <p><span style=\"font-family: Montserrat;\">Durch die Weiterentwicklung unserer Website und Angebote dar\u00fcber oder aufgrund ge\u00e4nderter gesetzlicher beziehungsweise beh\u00f6rdlicher Vorgaben kann es notwendig werden, diese Datenschutzerkl\u00e4rung zu \u00e4ndern. Die jeweils aktuelle Datenschutzerkl\u00e4rung kann jederzeit auf der Website unter&nbsp;<\/span>\n                      <a\n                        href=\"http:\/\/www.kindervillaosnabrueck.de\/Impressum.html\" style=\"font-family: Montserrat;\" class=\"customize-unpreviewable\">\n                        <u>http:\/\/www.kindervillaosnabrueck.de\/Impressum<\/u>\n                        <\/a><span style=\"font-family: Montserrat;\">&nbsp;von Ihnen abgerufen und ausgedruckt werden.<\/span><\/p>\n                    <p>\n                      <br>\n                    <\/p>\n                  <\/div>\n                <\/div>\n              <\/div>\n            <\/div>\n          <\/div>\n        <\/div>\n      <\/div>\n    <\/div>\n  <\/div>\n<\/div>","protected":false},"excerpt":{"rendered":"<p>Angaben gem\u00e4\u00df \u00a7 5 Telemediengesetz (TMG): Kindervilla e. V. Katharinenstr. 6 49074 Osnabr\u00fcck Vertreten durch den Vorstand: Katharina GraenStefanie WulfIvo B\u00e4tjerMarcel Wehrmann Kontakt: Telefon: +49 (0) 541 58049400 E-Mail: fragen@kindervilla-osnabrueck.de Registereintrag: Eintragung im Vereinsregister. Registergericht:Amtsgericht Osnabr\u00fcck Registernummer: 200186 Aufsichtsbeh\u00f6rde: Amtsgericht Osnabr\u00fcck Haftungsausschluss (Disclaimer) Haftung f\u00fcr Inhalte Als Diensteanbieter sind wir gem\u00e4\u00df \u00a7 7 Abs.1 TMG [&hellip;]<\/p>\n","protected":false},"author":1,"featured_media":0,"parent":0,"menu_order":0,"comment_status":"closed","ping_status":"closed","template":"page-templates\/full-width-page.php","meta":{"footnotes":""},"class_list":["post-599","page","type-page","status-publish","hentry"],"_links":{"self":[{"href":"https:\/\/kindervillaosnabrueck.de\/cms\/wp-json\/wp\/v2\/pages\/599","targetHints":{"allow":["GET"]}}],"collection":[{"href":"https:\/\/kindervillaosnabrueck.de\/cms\/wp-json\/wp\/v2\/pages"}],"about":[{"href":"https:\/\/kindervillaosnabrueck.de\/cms\/wp-json\/wp\/v2\/types\/page"}],"author":[{"embeddable":true,"href":"https:\/\/kindervillaosnabrueck.de\/cms\/wp-json\/wp\/v2\/users\/1"}],"replies":[{"embeddable":true,"href":"https:\/\/kindervillaosnabrueck.de\/cms\/wp-json\/wp\/v2\/comments?post=599"}],"version-history":[{"count":8,"href":"https:\/\/kindervillaosnabrueck.de\/cms\/wp-json\/wp\/v2\/pages\/599\/revisions"}],"predecessor-version":[{"id":1546,"href":"https:\/\/kindervillaosnabrueck.de\/cms\/wp-json\/wp\/v2\/pages\/599\/revisions\/1546"}],"wp:attachment":[{"href":"https:\/\/kindervillaosnabrueck.de\/cms\/wp-json\/wp\/v2\/media?parent=599"}],"curies":[{"name":"wp","href":"https:\/\/api.w.org\/{rel}","templated":true}]}}